{"id":10,"date":"2017-09-05T11:50:30","date_gmt":"2017-09-05T10:50:30","guid":{"rendered":"http:\/\/www.kmetija-kolenko.si\/vodka\/?page_id=10"},"modified":"2021-07-01T13:00:52","modified_gmt":"2021-07-01T12:00:52","slug":"domov","status":"publish","type":"page","link":"https:\/\/www.kolenko-vodka.si\/","title":{"rendered":"Na\u0161a kmetija"},"content":{"rendered":"<p>Na\u0161a kmetija le\u017ei v \u010cren\u0161ovcih, v regiji Prekmurje, kjer je najbolj rodovitna in bogata zemlja v Sloveniji.<br \/>\nTo\u010dno tukaj raste na\u0161 krompir za vodko.<\/p>\n<p>S celotnim procesom, ki se odvija neposredno na kmetiji, nam omogo\u010da, da pozorno spremljamo rast krompirja, ga negujemo in ga z ljubeznijo predelamo v steklenico. To je na\u0161 na\u010din, ki nas dela druga\u010dne. In prav to druga\u010dnost lahko okusite v na\u0161i premium vodki.<\/p>\n<p><img loading=\"lazy\" class=\"alignnone size-full wp-image-82\" src=\"http:\/\/www.kolenko-vodka.si\/wp-content\/uploads\/2017\/09\/IWSC2021-Winner-Signature-Kolenko-vodka.jpg\" alt=\"\" width=\"700\" height=\"450\" srcset=\"https:\/\/www.kolenko-vodka.si\/wp-content\/uploads\/2017\/09\/IWSC2021-Winner-Signature-Kolenko-vodka.jpg 700w, https:\/\/www.kolenko-vodka.si\/wp-content\/uploads\/2017\/09\/IWSC2021-Winner-Signature-Kolenko-vodka-300x193.jpg 300w\" sizes=\"(max-width: 700px) 100vw, 700px\" \/><\/p>\n","protected":false},"excerpt":{"rendered":"<p>Na\u0161a kmetija le\u017ei v \u010cren\u0161ovcih, v regiji Prekmurje, kjer je najbolj rodovitna in bogata zemlja v Sloveniji. To\u010dno tukaj raste na\u0161 krompir za vodko. S celotnim procesom, ki se odvija neposredno na kmetiji, nam omogo\u010da, da pozorno spremljamo rast krompirja, ga negujemo in ga z ljubeznijo predelamo v steklenico. To je na\u0161 na\u010din, ki nas &hellip; <\/p>\n<p class=\"link-more\"><a href=\"https:\/\/www.kolenko-vodka.si\/\" class=\"more-link\">Preberi ve\u010d<span class=\"screen-reader-text\"> &#8220;Na\u0161a kmetija&#8221;<\/span><\/a><\/p>\n","protected":false},"author":1,"featured_media":0,"parent":0,"menu_order":1,"comment_status":"closed","ping_status":"closed","template":"","meta":{"_monsterinsights_skip_tracking":false,"_monsterinsights_sitenote_active":false,"_monsterinsights_sitenote_note":"","_monsterinsights_sitenote_category":0},"_links":{"self":[{"href":"https:\/\/www.kolenko-vodka.si\/index.php?rest_route=\/wp\/v2\/pages\/10"}],"collection":[{"href":"https:\/\/www.kolenko-vodka.si\/index.php?rest_route=\/wp\/v2\/pages"}],"about":[{"href":"https:\/\/www.kolenko-vodka.si\/index.php?rest_route=\/wp\/v2\/types\/page"}],"author":[{"embeddable":true,"href":"https:\/\/www.kolenko-vodka.si\/index.php?rest_route=\/wp\/v2\/users\/1"}],"replies":[{"embeddable":true,"href":"https:\/\/www.kolenko-vodka.si\/index.php?rest_route=%2Fwp%2Fv2%2Fcomments&post=10"}],"version-history":[{"count":4,"href":"https:\/\/www.kolenko-vodka.si\/index.php?rest_route=\/wp\/v2\/pages\/10\/revisions"}],"predecessor-version":[{"id":83,"href":"https:\/\/www.kolenko-vodka.si\/index.php?rest_route=\/wp\/v2\/pages\/10\/revisions\/83"}],"wp:attachment":[{"href":"https:\/\/www.kolenko-vodka.si\/index.php?rest_route=%2Fwp%2Fv2%2Fmedia&parent=10"}],"curies":[{"name":"wp","href":"https:\/\/api.w.org\/{rel}","templated":true}]}}